{"id":1407,"date":"2016-07-11T13:08:52","date_gmt":"2016-07-11T13:08:52","guid":{"rendered":"https:\/\/www.nuriagrima.cat\/contacte\/"},"modified":"2021-07-09T09:10:59","modified_gmt":"2021-07-09T08:10:59","slug":"contacto","status":"publish","type":"page","link":"https:\/\/www.nuriagrima.cat\/es\/contacto\/","title":{"rendered":"Contacto"},"content":{"rendered":"<p><div class=\"fusion-fullwidth fullwidth-box fusion-builder-row-1 nonhundred-percent-fullwidth non-hundred-percent-height-scrolling fusion-equal-height-columns\" style=\"--awb-background-position:left top;--awb-border-sizes-top:0px;--awb-border-sizes-bottom:0px;--awb-border-sizes-left:0px;--awb-border-sizes-right:0px;--awb-border-radius-top-left:0px;--awb-border-radius-top-right:0px;--awb-border-radius-bottom-right:0px;--awb-border-radius-bottom-left:0px;--awb-padding-top:0px;--awb-padding-right:0px;--awb-padding-bottom:0px;--awb-padding-left:0px;--awb-flex-wrap:wrap;\" ><div class=\"fusion-builder-row fusion-row\"><div class=\"fusion-layout-column fusion_builder_column fusion-builder-column-0 fusion_builder_column_1_3 1_3 fusion-one-third fusion-column-first\" style=\"--awb-padding-right:0px;--awb-padding-left:0px;--awb-bg-color:#1c4e80;--awb-bg-color-hover:#1c4e80;--awb-bg-size:cover;\"><div class=\"fusion-column-wrapper fusion-column-has-shadow fusion-flex-column-wrapper-legacy\"><div class=\"fusion-column-content-centered\"><div class=\"fusion-column-content\"><div class=\"fusion-text fusion-text-1\"><h4 style=\"text-align: center; color: #fff;\"><i class=\"fa fa-phone\" style=\"color: #fff;\"><\/i> T.\u00a0605 639 154<\/h4>\n<\/div><\/div><\/div><div class=\"fusion-clearfix\"><\/div><\/div><\/div><div class=\"fusion-layout-column fusion_builder_column fusion-builder-column-1 fusion_builder_column_1_3 1_3 fusion-one-third\" style=\"--awb-padding-right:0px;--awb-padding-left:0px;--awb-bg-color:#1c4e80;--awb-bg-color-hover:#1c4e80;--awb-bg-size:cover;\"><div class=\"fusion-column-wrapper fusion-column-has-shadow fusion-flex-column-wrapper-legacy\"><div class=\"fusion-column-content-centered\"><div class=\"fusion-column-content\"><div class=\"fusion-text fusion-text-2\"><h4 style=\"text-align: center; color: #fff;\"><i class=\"fa fa-envelope\" style=\"color: #fff;\"><\/i>\u00a0\u00a0\u00a0<a style=\"color: #fff;\" href=\"#\">nuria@nuriagrima.cat<\/a><\/h4>\n<\/div><\/div><\/div><div class=\"fusion-clearfix\"><\/div><\/div><\/div><div class=\"fusion-layout-column fusion_builder_column fusion-builder-column-2 fusion_builder_column_1_3 1_3 fusion-one-third fusion-column-last\" style=\"--awb-padding-right:0px;--awb-padding-left:0px;--awb-bg-color:#1c4e80;--awb-bg-color-hover:#1c4e80;--awb-bg-size:cover;\"><div class=\"fusion-column-wrapper fusion-column-has-shadow fusion-flex-column-wrapper-legacy\"><div class=\"fusion-column-content-centered\"><div class=\"fusion-column-content\"><div class=\"fusion-text fusion-text-3\"><h4 style=\"text-align: center; color: #fff;\"><i class=\"fa fa-envelope\" style=\"color: #fff;\"><\/i>\u00a0\u00a0\u00a0<a style=\"color: #fff;\" href=\"#\">Calella &#8211; Barcelona<\/a><\/h4>\n<\/div><\/div><\/div><div class=\"fusion-clearfix\"><\/div><\/div><\/div><\/div><\/div><div class=\"fusion-fullwidth fullwidth-box fusion-builder-row-2 hundred-percent-fullwidth non-hundred-percent-height-scrolling fusion-equal-height-columns\" style=\"--awb-background-position:left top;--awb-border-sizes-top:0px;--awb-border-sizes-bottom:0px;--awb-border-sizes-left:0px;--awb-border-sizes-right:0px;--awb-border-radius-top-left:0px;--awb-border-radius-top-right:0px;--awb-border-radius-bottom-right:0px;--awb-border-radius-bottom-left:0px;--awb-padding-top:0px;--awb-padding-right:0px;--awb-padding-left:0px;--awb-margin-bottom:20px;--awb-background-color:#ffffff;--awb-flex-wrap:wrap;\" ><div class=\"fusion-builder-row fusion-row\"><div class=\"fusion-layout-column fusion_builder_column fusion-builder-column-3 fusion_builder_column_3_5 3_5 fusion-three-fifth fusion-column-first\" style=\"--awb-padding-top:15px;--awb-padding-right:10%;--awb-padding-bottom:15px;--awb-padding-left:10%;--awb-bg-color:#ffffff;--awb-bg-color-hover:#ffffff;--awb-bg-size:cover;\"><div class=\"fusion-column-wrapper fusion-flex-column-wrapper-legacy\"><div class=\"fusion-column-content-centered\"><div class=\"fusion-column-content\"><div class=\"fusion-sep-clear\"><\/div><div class=\"fusion-separator fusion-full-width-sep\" style=\"margin-left: auto;margin-right: auto;margin-top:40px;width:100%;\"><\/div><div class=\"fusion-sep-clear\"><\/div><div class=\"fusion-text fusion-text-4\"><h2>Contacta con nosotros y te informaremos de todas las posibilidades<\/h2>\n<\/div><div class=\"fusion-text fusion-text-5\"><p>Rellena este formulario de contacto y te responderemos lo antes posible con todas las posibilidades de m\u00fasica en vivo que ofrecemos.<\/p>\n<\/div><div class=\"frm_forms  with_frm_style frm_style_formidable-style\" id=\"frm_form_2_container\" >\n<form enctype=\"multipart\/form-data\" method=\"post\" class=\"frm-show-form  frm_ajax_submit  frm_pro_form \" id=\"form_contact-form\" >\n<div class=\"frm_form_fields \">\n<fieldset>\n<legend class=\"frm_screen_reader\">Contactar - CA<\/legend>\r\n\r\n<div class=\"frm_fields_container\">\n<input type=\"hidden\" name=\"frm_action\" value=\"create\" \/>\n<input type=\"hidden\" name=\"form_id\" value=\"2\" \/>\n<input type=\"hidden\" name=\"frm_hide_fields_2\" id=\"frm_hide_fields_2\" value=\"\" \/>\n<input type=\"hidden\" name=\"form_key\" value=\"contact-form\" \/>\n<input type=\"hidden\" name=\"item_meta[0]\" value=\"\" \/>\n<input type=\"hidden\" id=\"frm_submit_entry_2\" name=\"frm_submit_entry_2\" value=\"d0abbaaf3f\" \/><input type=\"hidden\" name=\"_wp_http_referer\" value=\"\/es\/wp-json\/wp\/v2\/pages\/1407\" \/><div id=\"frm_field_6_container\" class=\"frm_form_field form-field  frm_required_field frm_top_container\">\r\n    <label for=\"field_name\" class=\"frm_primary_label\">Nom\r\n        <span class=\"frm_required\">*<\/span>\r\n    <\/label>\r\n    <input  type=\"text\" id=\"field_name\" name=\"item_meta[6]\" value=\"\"  autocomplete=\"off\"  data-reqmsg=\"Este campo no puede estar en blanco.\" aria-required=\"true\" data-invmsg=\"Name no es v\u00e1lido\" aria-invalid=\"false\"   \/>\r\n    \r\n    \r\n<\/div>\n<div id=\"frm_field_7_container\" class=\"frm_form_field form-field  frm_required_field frm_top_container\">\r\n    <label for=\"field_ocfup12\" class=\"frm_primary_label\">Tel\u00e8fon\r\n        <span class=\"frm_required\">*<\/span>\r\n    <\/label>\r\n    <input type=\"tel\" id=\"field_ocfup12\" name=\"item_meta[7]\" value=\"\"  data-reqmsg=\"Este campo no puede estar en blanco.\" aria-required=\"true\" data-invmsg=\"Last no es v\u00e1lido\" aria-invalid=\"false\" pattern=\"((\\+\\d{1,3}(-|.| )?\\(?\\d\\)?(-| |.)?\\d{1,5})|(\\(?\\d{2,6}\\)?))(-|.| )?(\\d{3,4})(-|.| )?(\\d{4})(( x| ext)\\d{1,5}){0,1}$\"  \/>\r\n    \r\n    \r\n<\/div>\n<div id=\"frm_field_8_container\" class=\"frm_form_field form-field  frm_required_field frm_top_container frm_full\">\r\n    <label for=\"field_29yf4d2\" class=\"frm_primary_label\">Email\r\n        <span class=\"frm_required\">*<\/span>\r\n    <\/label>\r\n    <input type=\"email\" id=\"field_29yf4d2\" name=\"item_meta[8]\" value=\"\"  data-reqmsg=\"Este campo no puede estar en blanco.\" aria-required=\"true\" data-invmsg=\"Please enter a valid email address\" aria-invalid=\"false\"  \/>\r\n    \r\n    \r\n<\/div>\n<div id=\"frm_field_12_container\" class=\"frm_form_field form-field  frm_required_field frm_top_container\">\r\n    <label for=\"field_dh5v0\" class=\"frm_primary_label\">Assumpte\r\n        <span class=\"frm_required\">*<\/span>\r\n    <\/label>\r\n    <input  type=\"text\" id=\"field_dh5v0\" name=\"item_meta[12]\" value=\"\"  data-reqmsg=\"Este campo no puede estar en blanco.\" aria-required=\"true\" data-invmsg=\"Texto no es v\u00e1lido\" aria-invalid=\"false\"   \/>\r\n    \r\n    \r\n<\/div>\n<div id=\"frm_field_10_container\" class=\"frm_form_field form-field  frm_required_field frm_top_container frm_full\">\r\n    <label for=\"field_9jv0r12\" class=\"frm_primary_label\">Missatge\r\n        <span class=\"frm_required\"><\/span>\r\n    <\/label>\r\n    <textarea name=\"item_meta[10]\" id=\"field_9jv0r12\" rows=\"5\"  data-reqmsg=\"Este campo no puede estar en blanco.\" aria-required=\"true\" data-invmsg=\"Missatge no es v\u00e1lido\" aria-invalid=\"false\"  ><\/textarea>\r\n    \r\n    \r\n<\/div>\n<div id=\"frm_field_13_container\" class=\"frm_form_field form-field  frm_none_container\">\r\n    <label  class=\"frm_primary_label\">reCAPTCHA\r\n        <span class=\"frm_required\"><\/span>\r\n    <\/label>\r\n    <div  id=\"field_cxgqe\" class=\"frm-g-recaptcha\" data-sitekey=\"6LfFjecUAAAAAHJrhY-FoLbo2LjvQiU3xg0DUNSA\" data-size=\"invisible\" data-theme=\"light\"><\/div>\r\n    \r\n    \r\n<\/div>\n<div id=\"frm_field_14_container\" class=\"frm_form_field form-field \">\r\n\t<div class=\"frm_submit\">\r\n\r\n<button class=\"frm_button_submit frm_final_submit\" type=\"submit\"   formnovalidate=\"formnovalidate\">Enviar<\/button>\r\n\r\n<\/div>\r\n<\/div>\n\t<input type=\"hidden\" name=\"item_key\" value=\"\" \/>\n\t\t\t<div id=\"frm_field_15_container\">\n\t\t\t<label for=\"field_umejl\" >\n\t\t\t\tSi eres humano, deja este campo en blanco.\t\t\t<\/label>\n\t\t\t<input  id=\"field_umejl\" type=\"text\" class=\"frm_form_field form-field frm_verify\" name=\"item_meta[15]\" value=\"\"  \/>\n\t\t<\/div>\n\t\t<input name=\"frm_state\" type=\"hidden\" value=\"3IuDzsHRm2dLtK1k0CQdkLHEFR7ROhBGbcAsECgBI+hbUdB70dBYk7EFHfN\/PtBh\" \/><\/div>\n<\/fieldset>\n<\/div>\n<script type=\"text\/javascript\">var input = document.createElement('input');\n    input.setAttribute('type', 'hidden');\n    input.setAttribute('name', 'ct_checkjs_frm');\n    input.setAttribute('value', '02946cd492350417ad1aee690c40e02200bcd34dffa88f1c75ede9aa2e204b3b');\n    for (i = 0; i < document.forms.length; i++) {\n        if (typeof document.forms[i].id == 'string'){\n\t\t\tif(document.forms[i].id.search('form_contact-form') != -1) {\n            document.forms[i].appendChild(input);\n\t\t\t}\n        }\n    }<\/script>\n\n<\/form>\n<\/div>\n<\/div><\/div><div class=\"fusion-clearfix\"><\/div><\/div><\/div><div class=\"fusion-layout-column fusion_builder_column fusion-builder-column-4 fusion_builder_column_2_5 2_5 fusion-two-fifth fusion-column-last\" style=\"--awb-bg-color:#f5f5f5;--awb-bg-color-hover:#f5f5f5;--awb-bg-size:cover;\"><div class=\"fusion-column-wrapper fusion-flex-column-wrapper-legacy\">\t\t\t\t\t<script type=\"text\/javascript\">\n\t\t\t\t\t\tvar map_fusion_map_69f71c3892333;\n\t\t\t\t\t\tvar markers = [];\n\t\t\t\t\t\tvar counter = 0;\n\t\t\t\t\t\t\t\t\t\t\t\t\t\t\t\t\t\t\t\tvar fusionMapNonce = '492bb2cb5a';\n\t\t\t\t\t\t\t\t\t\t\t\tfunction fusion_run_map_fusion_map_69f71c3892333() {\n\t\t\t\t\t\t\tjQuery ('#fusion_map_69f71c3892333' ).fusion_maps( {\n\t\t\t\t\t\t\t\taddresses: [{\"address\":\"Costa i Fornaguera, 27, 08370 Calella, Barcelona\",\"infobox_content\":\"Costa i Fornaguera, 27, 08370 Calella, Barcelona\",\"marker\":\"https:\\\/\\\/www.nuriagrima.cat\\\/wp-content\\\/plugins\\\/fusion-builder\\\/images\\\/avada_map_marker.png\",\"coordinates\":false,\"cache\":true,\"latitude\":\"41.615852\",\"longitude\":\"2.6668856000000005\"}],\n\t\t\t\t\t\t\t\tanimations: true,\n\t\t\t\t\t\t\t\tinfobox_background_color: 'rgba(53, 130, 206, 0.8)',\n\t\t\t\t\t\t\t\tinfobox_styling: 'custom',\n\t\t\t\t\t\t\t\tinfobox_text_color: '#fff',\n\t\t\t\t\t\t\t\tmap_style: 'custom',\n\t\t\t\t\t\t\t\tmap_type: 'roadmap',\n\t\t\t\t\t\t\t\tmarker_icon: 'theme',\n\t\t\t\t\t\t\t\toverlay_color: '',\n\t\t\t\t\t\t\t\toverlay_color_hsl: {\"hue\":210,\"sat\":61,\"lum\":51},\n\t\t\t\t\t\t\t\tshow_address: true,\n\t\t\t\t\t\t\t\tscale_control: true,\n\t\t\t\t\t\t\t\tscrollwheel: false,\n\t\t\t\t\t\t\t\tzoom: 8,\n\t\t\t\t\t\t\t\tzoom_control: true,\n\t\t\t\t\t\t\t} );\n\t\t\t\t\t\t}\n\n\t\t\t\t\t\tgoogle.maps.event.addDomListener(window, 'load', fusion_run_map_fusion_map_69f71c3892333);\n\t\t\t\t\t<\/script>\n\t\t\t\t\t<div class=\"shortcode-map fusion-google-map fusion-maps-js-type\" style=\"--awb-height:1000px;\" id=\"fusion_map_69f71c3892333\"><\/div><div class=\"fusion-clearfix\"><\/div><\/div><\/div><\/div><\/div><\/p>\n","protected":false},"excerpt":{"rendered":"","protected":false},"author":1,"featured_media":0,"parent":0,"menu_order":0,"comment_status":"closed","ping_status":"closed","template":"100-width.php","meta":{"footnotes":""},"class_list":["post-1407","page","type-page","status-publish","hentry"],"yoast_head":"<!-- This site is optimized with the Yoast SEO plugin v26.8 - https:\/\/yoast.com\/product\/yoast-seo-wordpress\/ -->\n<title>Contacto N\u00faria Grima \u00b7 Violinista &#187; Viol\u00edn en directo. Bodas y Eventos<\/title>\n<meta name=\"description\" content=\"Tienes dudas o necesitas m\u00e1s informaci\u00f3n? Contacta y hablamos. Viol\u00edn en directo para bodas. M\u00fasica para eventos especiales.\" \/>\n<meta name=\"robots\" content=\"index, follow, max-snippet:-1, max-image-preview:large, max-video-preview:-1\" \/>\n<link rel=\"canonical\" href=\"https:\/\/www.nuriagrima.cat\/es\/contacto\/\" \/>\n<meta property=\"og:locale\" content=\"es_ES\" \/>\n<meta property=\"og:type\" content=\"article\" \/>\n<meta property=\"og:title\" content=\"Contacto N\u00faria Grima \u00b7 Violinista &#187; Viol\u00edn en directo. Bodas y Eventos\" \/>\n<meta property=\"og:description\" content=\"Tienes dudas o necesitas m\u00e1s informaci\u00f3n? Contacta y hablamos. Viol\u00edn en directo para bodas. M\u00fasica para eventos especiales.\" \/>\n<meta property=\"og:url\" content=\"https:\/\/www.nuriagrima.cat\/es\/contacto\/\" \/>\n<meta property=\"og:site_name\" content=\"N\u00faria Grima \u00b7 Violinista\" \/>\n<meta property=\"article:publisher\" content=\"https:\/\/www.facebook.com\/nuriagrimapera\/\" \/>\n<meta property=\"article:modified_time\" content=\"2021-07-09T08:10:59+00:00\" \/>\n<meta property=\"og:image\" content=\"https:\/\/www.nuriagrima.cat\/wp-content\/uploads\/2021\/08\/5B298ACD-8FDA-4056-860F-5660BAF9AB6B_1_105_c.jpeg\" \/>\n\t<meta property=\"og:image:width\" content=\"1024\" \/>\n\t<meta property=\"og:image:height\" content=\"768\" \/>\n\t<meta property=\"og:image:type\" content=\"image\/jpeg\" \/>\n<meta name=\"twitter:card\" content=\"summary_large_image\" \/>\n<meta name=\"twitter:label1\" content=\"Tiempo de lectura\" \/>\n\t<meta name=\"twitter:data1\" content=\"6 minutos\" \/>\n<script type=\"application\/ld+json\" class=\"yoast-schema-graph\">{\"@context\":\"https:\/\/schema.org\",\"@graph\":[{\"@type\":\"WebPage\",\"@id\":\"https:\/\/www.nuriagrima.cat\/es\/contacto\/\",\"url\":\"https:\/\/www.nuriagrima.cat\/es\/contacto\/\",\"name\":\"Contacto N\u00faria Grima \u00b7 Violinista &#187; Viol\u00edn en directo. Bodas y Eventos\",\"isPartOf\":{\"@id\":\"https:\/\/www.nuriagrima.cat\/es\/#website\"},\"datePublished\":\"2016-07-11T13:08:52+00:00\",\"dateModified\":\"2021-07-09T08:10:59+00:00\",\"description\":\"Tienes dudas o necesitas m\u00e1s informaci\u00f3n? Contacta y hablamos. Viol\u00edn en directo para bodas. M\u00fasica para eventos especiales.\",\"breadcrumb\":{\"@id\":\"https:\/\/www.nuriagrima.cat\/es\/contacto\/#breadcrumb\"},\"inLanguage\":\"es\",\"potentialAction\":[{\"@type\":\"ReadAction\",\"target\":[\"https:\/\/www.nuriagrima.cat\/es\/contacto\/\"]}]},{\"@type\":\"BreadcrumbList\",\"@id\":\"https:\/\/www.nuriagrima.cat\/es\/contacto\/#breadcrumb\",\"itemListElement\":[{\"@type\":\"ListItem\",\"position\":1,\"name\":\"Portada\",\"item\":\"https:\/\/www.nuriagrima.cat\/es\/\"},{\"@type\":\"ListItem\",\"position\":2,\"name\":\"Contacto\"}]},{\"@type\":\"WebSite\",\"@id\":\"https:\/\/www.nuriagrima.cat\/es\/#website\",\"url\":\"https:\/\/www.nuriagrima.cat\/es\/\",\"name\":\"N\u00faria Grima \u00b7 Violinista\",\"description\":\"Viol\u00edn para bodas y eventos en Barcelona\",\"publisher\":{\"@id\":\"https:\/\/www.nuriagrima.cat\/es\/#organization\"},\"potentialAction\":[{\"@type\":\"SearchAction\",\"target\":{\"@type\":\"EntryPoint\",\"urlTemplate\":\"https:\/\/www.nuriagrima.cat\/es\/?s={search_term_string}\"},\"query-input\":{\"@type\":\"PropertyValueSpecification\",\"valueRequired\":true,\"valueName\":\"search_term_string\"}}],\"inLanguage\":\"es\"},{\"@type\":\"Organization\",\"@id\":\"https:\/\/www.nuriagrima.cat\/es\/#organization\",\"name\":\"N\u00faria Grima\",\"url\":\"https:\/\/www.nuriagrima.cat\/es\/\",\"logo\":{\"@type\":\"ImageObject\",\"inLanguage\":\"es\",\"@id\":\"https:\/\/www.nuriagrima.cat\/es\/#\/schema\/logo\/image\/\",\"url\":\"https:\/\/www.nuriagrima.cat\/wp-content\/uploads\/2018\/05\/img-bodas-.jpg\",\"contentUrl\":\"https:\/\/www.nuriagrima.cat\/wp-content\/uploads\/2018\/05\/img-bodas-.jpg\",\"width\":1950,\"height\":1200,\"caption\":\"N\u00faria Grima\"},\"image\":{\"@id\":\"https:\/\/www.nuriagrima.cat\/es\/#\/schema\/logo\/image\/\"},\"sameAs\":[\"https:\/\/www.facebook.com\/nuriagrimapera\/\",\"https:\/\/www.instagram.com\/nuriagrima\/\",\"https:\/\/www.youtube.com\/user\/nuriagrimapera\"]}]}<\/script>\n<!-- \/ Yoast SEO plugin. -->","yoast_head_json":{"title":"Contacto N\u00faria Grima \u00b7 Violinista &#187; Viol\u00edn en directo. Bodas y Eventos","description":"Tienes dudas o necesitas m\u00e1s informaci\u00f3n? Contacta y hablamos. Viol\u00edn en directo para bodas. M\u00fasica para eventos especiales.","robots":{"index":"index","follow":"follow","max-snippet":"max-snippet:-1","max-image-preview":"max-image-preview:large","max-video-preview":"max-video-preview:-1"},"canonical":"https:\/\/www.nuriagrima.cat\/es\/contacto\/","og_locale":"es_ES","og_type":"article","og_title":"Contacto N\u00faria Grima \u00b7 Violinista &#187; Viol\u00edn en directo. Bodas y Eventos","og_description":"Tienes dudas o necesitas m\u00e1s informaci\u00f3n? Contacta y hablamos. Viol\u00edn en directo para bodas. M\u00fasica para eventos especiales.","og_url":"https:\/\/www.nuriagrima.cat\/es\/contacto\/","og_site_name":"N\u00faria Grima \u00b7 Violinista","article_publisher":"https:\/\/www.facebook.com\/nuriagrimapera\/","article_modified_time":"2021-07-09T08:10:59+00:00","og_image":[{"width":1024,"height":768,"url":"https:\/\/www.nuriagrima.cat\/wp-content\/uploads\/2021\/08\/5B298ACD-8FDA-4056-860F-5660BAF9AB6B_1_105_c.jpeg","type":"image\/jpeg"}],"twitter_card":"summary_large_image","twitter_misc":{"Tiempo de lectura":"6 minutos"},"schema":{"@context":"https:\/\/schema.org","@graph":[{"@type":"WebPage","@id":"https:\/\/www.nuriagrima.cat\/es\/contacto\/","url":"https:\/\/www.nuriagrima.cat\/es\/contacto\/","name":"Contacto N\u00faria Grima \u00b7 Violinista &#187; Viol\u00edn en directo. Bodas y Eventos","isPartOf":{"@id":"https:\/\/www.nuriagrima.cat\/es\/#website"},"datePublished":"2016-07-11T13:08:52+00:00","dateModified":"2021-07-09T08:10:59+00:00","description":"Tienes dudas o necesitas m\u00e1s informaci\u00f3n? Contacta y hablamos. Viol\u00edn en directo para bodas. M\u00fasica para eventos especiales.","breadcrumb":{"@id":"https:\/\/www.nuriagrima.cat\/es\/contacto\/#breadcrumb"},"inLanguage":"es","potentialAction":[{"@type":"ReadAction","target":["https:\/\/www.nuriagrima.cat\/es\/contacto\/"]}]},{"@type":"BreadcrumbList","@id":"https:\/\/www.nuriagrima.cat\/es\/contacto\/#breadcrumb","itemListElement":[{"@type":"ListItem","position":1,"name":"Portada","item":"https:\/\/www.nuriagrima.cat\/es\/"},{"@type":"ListItem","position":2,"name":"Contacto"}]},{"@type":"WebSite","@id":"https:\/\/www.nuriagrima.cat\/es\/#website","url":"https:\/\/www.nuriagrima.cat\/es\/","name":"N\u00faria Grima \u00b7 Violinista","description":"Viol\u00edn para bodas y eventos en Barcelona","publisher":{"@id":"https:\/\/www.nuriagrima.cat\/es\/#organization"},"potentialAction":[{"@type":"SearchAction","target":{"@type":"EntryPoint","urlTemplate":"https:\/\/www.nuriagrima.cat\/es\/?s={search_term_string}"},"query-input":{"@type":"PropertyValueSpecification","valueRequired":true,"valueName":"search_term_string"}}],"inLanguage":"es"},{"@type":"Organization","@id":"https:\/\/www.nuriagrima.cat\/es\/#organization","name":"N\u00faria Grima","url":"https:\/\/www.nuriagrima.cat\/es\/","logo":{"@type":"ImageObject","inLanguage":"es","@id":"https:\/\/www.nuriagrima.cat\/es\/#\/schema\/logo\/image\/","url":"https:\/\/www.nuriagrima.cat\/wp-content\/uploads\/2018\/05\/img-bodas-.jpg","contentUrl":"https:\/\/www.nuriagrima.cat\/wp-content\/uploads\/2018\/05\/img-bodas-.jpg","width":1950,"height":1200,"caption":"N\u00faria Grima"},"image":{"@id":"https:\/\/www.nuriagrima.cat\/es\/#\/schema\/logo\/image\/"},"sameAs":["https:\/\/www.facebook.com\/nuriagrimapera\/","https:\/\/www.instagram.com\/nuriagrima\/","https:\/\/www.youtube.com\/user\/nuriagrimapera"]}]}},"_links":{"self":[{"href":"https:\/\/www.nuriagrima.cat\/es\/wp-json\/wp\/v2\/pages\/1407","targetHints":{"allow":["GET"]}}],"collection":[{"href":"https:\/\/www.nuriagrima.cat\/es\/wp-json\/wp\/v2\/pages"}],"about":[{"href":"https:\/\/www.nuriagrima.cat\/es\/wp-json\/wp\/v2\/types\/page"}],"author":[{"embeddable":true,"href":"https:\/\/www.nuriagrima.cat\/es\/wp-json\/wp\/v2\/users\/1"}],"replies":[{"embeddable":true,"href":"https:\/\/www.nuriagrima.cat\/es\/wp-json\/wp\/v2\/comments?post=1407"}],"version-history":[{"count":0,"href":"https:\/\/www.nuriagrima.cat\/es\/wp-json\/wp\/v2\/pages\/1407\/revisions"}],"wp:attachment":[{"href":"https:\/\/www.nuriagrima.cat\/es\/wp-json\/wp\/v2\/media?parent=1407"}],"curies":[{"name":"wp","href":"https:\/\/api.w.org\/{rel}","templated":true}]}}